{"id":45,"date":"2021-03-03T15:49:48","date_gmt":"2021-03-03T14:49:48","guid":{"rendered":"https:\/\/groupestrm.com\/?page_id=45"},"modified":"2021-03-03T15:49:51","modified_gmt":"2021-03-03T14:49:51","slug":"respect-de-la-legislation","status":"publish","type":"page","link":"https:\/\/groupestrm.com\/?page_id=45","title":{"rendered":"Respect de la l\u00e9gislation"},"content":{"rendered":"<p>[et_pb_section fb_built=\u00a0\u00bb1&Prime; _builder_version=\u00a0\u00bb4.4.8&Prime; background_color=\u00a0\u00bb#22272a\u00a0\u00bb background_image=\u00a0\u00bbhttps:\/\/groupestrm.com\/wp-content\/uploads\/2021\/03\/venture_03.png\u00a0\u00bb parallax=\u00a0\u00bbon\u00a0\u00bb custom_padding=\u00a0\u00bb560px||560px||true|\u00a0\u00bb locked=\u00a0\u00bboff\u00a0\u00bb][et_pb_row _builder_version=\u00a0\u00bb4.4.8&Prime;][et_pb_column type=\u00a0\u00bb4_4&Prime; _builder_version=\u00a0\u00bb4.4.8&Prime;][et_pb_text _builder_version=\u00a0\u00bb4.4.8&Prime; text_text_color=\u00a0\u00bb#ededed\u00a0\u00bb text_font_size=\u00a0\u00bb16px\u00a0\u00bb text_line_height=\u00a0\u00bb2.2em\u00a0\u00bb header_text_color=\u00a0\u00bb#e26e0d\u00a0\u00bb header_4_text_color=\u00a0\u00bb#e26e0d\u00a0\u00bb background_color=\u00a0\u00bbrgba(0,0,0,0)\u00a0\u00bb text_orientation=\u00a0\u00bbcenter\u00a0\u00bb animation_style=\u00a0\u00bbfade\u00a0\u00bb animation_duration=\u00a0\u00bb1600ms\u00a0\u00bb]<\/p>\n<h1>STRM ET LE RESPECT DE LA L\u00c9GISLATION DU TRANSPORT DE FRET<\/h1>\n<p>&nbsp;<\/p>\n<p>Pour encadrer le transport de fret, STRM met en place un contrat de transport de marchandises entre les principaux acteurs, \u00e0 savoir l\u2019exp\u00e9diteur, le transporteur et le destinataire. Ce contrat est mat\u00e9rialis\u00e9 par une confirmation d\u2019affr\u00e8tement. Ce document permet de consigner toutes les particularit\u00e9s du transport en question, ainsi que la description de la marchandise transport\u00e9e, les tarifs de la commande, les d\u00e9lais d\u00e9finis et les lieux de livraisons. Ils lient les diff\u00e9rentes parties prenantes.<span class=\"Apple-converted-space\">\u00a0<\/span><\/p>\n<p>D\u2019autres documents, tels que la d\u00e9claration de chargement, le protocole de s\u00e9curit\u00e9 pour le chargement et le d\u00e9chargement, ainsi que les consignes de s\u00e9curit\u00e9 sont n\u00e9cessaires (sans oublier les documents douaniers en cas de sortie de territoire) pour justifier la nature de la cargaison et de l\u2019existence de la commande.<\/p>\n<h4>\u00a0<\/h4>\n<p>[\/et_pb_text][\/et_pb_column][\/et_pb_row][\/et_pb_section]<\/p>\n","protected":false},"excerpt":{"rendered":"<p>STRM ET LE RESPECT DE LA L\u00c9GISLATION DU TRANSPORT DE FRET &nbsp; Pour encadrer le transport de fret, STRM met en place un contrat de transport de marchandises entre les principaux acteurs, \u00e0 savoir l\u2019exp\u00e9diteur, le transporteur et le destinataire. Ce contrat est mat\u00e9rialis\u00e9 par une confirmation d\u2019affr\u00e8tement. Ce document permet de consigner toutes les [&hellip;]<\/p>\n","protected":false},"author":1,"featured_media":0,"parent":0,"menu_order":0,"comment_status":"closed","ping_status":"closed","template":"","meta":{"_et_pb_use_builder":"on","_et_pb_old_content":"","_et_gb_content_width":"","footnotes":""},"class_list":["post-45","page","type-page","status-publish","hentry"],"yoast_head":"<!-- This site is optimized with the Yoast SEO plugin v27.5 - https:\/\/yoast.com\/product\/yoast-seo-wordpress\/ -->\n<title>Respect de la l\u00e9gislation - STRM - Soci\u00e9t\u00e9 de Transports Rh\u00f4ne M\u00e9diterran\u00e9e<\/title>\n<meta name=\"robots\" content=\"index, follow, max-snippet:-1, max-image-preview:large, max-video-preview:-1\" \/>\n<link rel=\"canonical\" href=\"https:\/\/groupestrm.com\/?page_id=45\" \/>\n<meta property=\"og:locale\" content=\"fr_FR\" \/>\n<meta property=\"og:type\" content=\"article\" \/>\n<meta property=\"og:title\" content=\"Respect de la l\u00e9gislation - STRM - Soci\u00e9t\u00e9 de Transports Rh\u00f4ne M\u00e9diterran\u00e9e\" \/>\n<meta property=\"og:description\" content=\"STRM ET LE RESPECT DE LA L\u00c9GISLATION DU TRANSPORT DE FRET &nbsp; Pour encadrer le transport de fret, STRM met en place un contrat de transport de marchandises entre les principaux acteurs, \u00e0 savoir l\u2019exp\u00e9diteur, le transporteur et le destinataire. Ce contrat est mat\u00e9rialis\u00e9 par une confirmation d\u2019affr\u00e8tement. Ce document permet de consigner toutes les [&hellip;]\" \/>\n<meta property=\"og:url\" content=\"https:\/\/groupestrm.com\/?page_id=45\" \/>\n<meta property=\"og:site_name\" content=\"STRM - Soci\u00e9t\u00e9 de Transports Rh\u00f4ne M\u00e9diterran\u00e9e\" \/>\n<meta property=\"article:modified_time\" content=\"2021-03-03T14:49:51+00:00\" \/>\n<meta name=\"twitter:card\" content=\"summary_large_image\" \/>\n<meta name=\"twitter:label1\" content=\"Dur\u00e9e de lecture estim\u00e9e\" \/>\n\t<meta name=\"twitter:data1\" content=\"1 minute\" \/>\n<script type=\"application\/ld+json\" class=\"yoast-schema-graph\">{\"@context\":\"https:\\\/\\\/schema.org\",\"@graph\":[{\"@type\":\"WebPage\",\"@id\":\"https:\\\/\\\/groupestrm.com\\\/?page_id=45\",\"url\":\"https:\\\/\\\/groupestrm.com\\\/?page_id=45\",\"name\":\"Respect de la l\u00e9gislation - STRM - Soci\u00e9t\u00e9 de Transports Rh\u00f4ne M\u00e9diterran\u00e9e\",\"isPartOf\":{\"@id\":\"https:\\\/\\\/groupestrm.com\\\/#website\"},\"datePublished\":\"2021-03-03T14:49:48+00:00\",\"dateModified\":\"2021-03-03T14:49:51+00:00\",\"breadcrumb\":{\"@id\":\"https:\\\/\\\/groupestrm.com\\\/?page_id=45#breadcrumb\"},\"inLanguage\":\"fr-FR\",\"potentialAction\":[{\"@type\":\"ReadAction\",\"target\":[\"https:\\\/\\\/groupestrm.com\\\/?page_id=45\"]}]},{\"@type\":\"BreadcrumbList\",\"@id\":\"https:\\\/\\\/groupestrm.com\\\/?page_id=45#breadcrumb\",\"itemListElement\":[{\"@type\":\"ListItem\",\"position\":1,\"name\":\"Accueil\",\"item\":\"https:\\\/\\\/groupestrm.com\\\/\"},{\"@type\":\"ListItem\",\"position\":2,\"name\":\"Respect de la l\u00e9gislation\"}]},{\"@type\":\"WebSite\",\"@id\":\"https:\\\/\\\/groupestrm.com\\\/#website\",\"url\":\"https:\\\/\\\/groupestrm.com\\\/\",\"name\":\"STRM - Soci\u00e9t\u00e9 de Transports Rh\u00f4ne M\u00e9diterran\u00e9e\",\"description\":\"Rapidit\u00e9 et efficacit\u00e9 d&#039;un transport s\u00e9curis\u00e9\",\"potentialAction\":[{\"@type\":\"SearchAction\",\"target\":{\"@type\":\"EntryPoint\",\"urlTemplate\":\"https:\\\/\\\/groupestrm.com\\\/?s={search_term_string}\"},\"query-input\":{\"@type\":\"PropertyValueSpecification\",\"valueRequired\":true,\"valueName\":\"search_term_string\"}}],\"inLanguage\":\"fr-FR\"}]}<\/script>\n<!-- \/ Yoast SEO plugin. -->","yoast_head_json":{"title":"Respect de la l\u00e9gislation - STRM - Soci\u00e9t\u00e9 de Transports Rh\u00f4ne M\u00e9diterran\u00e9e","robots":{"index":"index","follow":"follow","max-snippet":"max-snippet:-1","max-image-preview":"max-image-preview:large","max-video-preview":"max-video-preview:-1"},"canonical":"https:\/\/groupestrm.com\/?page_id=45","og_locale":"fr_FR","og_type":"article","og_title":"Respect de la l\u00e9gislation - STRM - Soci\u00e9t\u00e9 de Transports Rh\u00f4ne M\u00e9diterran\u00e9e","og_description":"STRM ET LE RESPECT DE LA L\u00c9GISLATION DU TRANSPORT DE FRET &nbsp; Pour encadrer le transport de fret, STRM met en place un contrat de transport de marchandises entre les principaux acteurs, \u00e0 savoir l\u2019exp\u00e9diteur, le transporteur et le destinataire. Ce contrat est mat\u00e9rialis\u00e9 par une confirmation d\u2019affr\u00e8tement. Ce document permet de consigner toutes les [&hellip;]","og_url":"https:\/\/groupestrm.com\/?page_id=45","og_site_name":"STRM - Soci\u00e9t\u00e9 de Transports Rh\u00f4ne M\u00e9diterran\u00e9e","article_modified_time":"2021-03-03T14:49:51+00:00","twitter_card":"summary_large_image","twitter_misc":{"Dur\u00e9e de lecture estim\u00e9e":"1 minute"},"schema":{"@context":"https:\/\/schema.org","@graph":[{"@type":"WebPage","@id":"https:\/\/groupestrm.com\/?page_id=45","url":"https:\/\/groupestrm.com\/?page_id=45","name":"Respect de la l\u00e9gislation - STRM - Soci\u00e9t\u00e9 de Transports Rh\u00f4ne M\u00e9diterran\u00e9e","isPartOf":{"@id":"https:\/\/groupestrm.com\/#website"},"datePublished":"2021-03-03T14:49:48+00:00","dateModified":"2021-03-03T14:49:51+00:00","breadcrumb":{"@id":"https:\/\/groupestrm.com\/?page_id=45#breadcrumb"},"inLanguage":"fr-FR","potentialAction":[{"@type":"ReadAction","target":["https:\/\/groupestrm.com\/?page_id=45"]}]},{"@type":"BreadcrumbList","@id":"https:\/\/groupestrm.com\/?page_id=45#breadcrumb","itemListElement":[{"@type":"ListItem","position":1,"name":"Accueil","item":"https:\/\/groupestrm.com\/"},{"@type":"ListItem","position":2,"name":"Respect de la l\u00e9gislation"}]},{"@type":"WebSite","@id":"https:\/\/groupestrm.com\/#website","url":"https:\/\/groupestrm.com\/","name":"STRM - Soci\u00e9t\u00e9 de Transports Rh\u00f4ne M\u00e9diterran\u00e9e","description":"Rapidit\u00e9 et efficacit\u00e9 d&#039;un transport s\u00e9curis\u00e9","potentialAction":[{"@type":"SearchAction","target":{"@type":"EntryPoint","urlTemplate":"https:\/\/groupestrm.com\/?s={search_term_string}"},"query-input":{"@type":"PropertyValueSpecification","valueRequired":true,"valueName":"search_term_string"}}],"inLanguage":"fr-FR"}]}},"_links":{"self":[{"href":"https:\/\/groupestrm.com\/index.php?rest_route=\/wp\/v2\/pages\/45","targetHints":{"allow":["GET"]}}],"collection":[{"href":"https:\/\/groupestrm.com\/index.php?rest_route=\/wp\/v2\/pages"}],"about":[{"href":"https:\/\/groupestrm.com\/index.php?rest_route=\/wp\/v2\/types\/page"}],"author":[{"embeddable":true,"href":"https:\/\/groupestrm.com\/index.php?rest_route=\/wp\/v2\/users\/1"}],"replies":[{"embeddable":true,"href":"https:\/\/groupestrm.com\/index.php?rest_route=%2Fwp%2Fv2%2Fcomments&post=45"}],"version-history":[{"count":2,"href":"https:\/\/groupestrm.com\/index.php?rest_route=\/wp\/v2\/pages\/45\/revisions"}],"predecessor-version":[{"id":47,"href":"https:\/\/groupestrm.com\/index.php?rest_route=\/wp\/v2\/pages\/45\/revisions\/47"}],"wp:attachment":[{"href":"https:\/\/groupestrm.com\/index.php?rest_route=%2Fwp%2Fv2%2Fmedia&parent=45"}],"curies":[{"name":"wp","href":"https:\/\/api.w.org\/{rel}","templated":true}]}}